{"id":337,"date":"2017-11-04T16:01:25","date_gmt":"2017-11-04T13:01:25","guid":{"rendered":"https:\/\/xstore.8theme.com\/demos\/2\/plumbing\/?page_id=337"},"modified":"2024-08-08T15:28:16","modified_gmt":"2024-08-08T12:28:16","slug":"hakkimizda","status":"publish","type":"page","link":"https:\/\/lichtfueralle.de\/tr\/hakkimizda\/","title":{"rendered":"About Us"},"content":{"rendered":"<div data-elementor-type=\"wp-page\" data-elementor-id=\"337\" class=\"elementor elementor-337\">\n\t\t\t\t\t\t\t\t\t<section class=\"elementor-section elementor-top-section elementor-element elementor-element-00947de elementor-section-stretched elementor-section-full_width elementor-section-height-default elementor-section-height-default\" data-id=\"00947de\" data-element_type=\"section\" data-settings=\"{&quot;stretch_section&quot;:&quot;section-stretched&quot;,&quot;background_background&quot;:&quot;classic&quot;}\">\n\t\t\t\t\t\t<div class=\"elementor-container elementor-column-gap-no\">\n\t\t\t\t\t<div class=\"elementor-column elementor-col-100 elementor-top-column elementor-element elementor-element-06a3056\" data-id=\"06a3056\" data-element_type=\"column\">\n\t\t\t<div class=\"elementor-widget-wrap elementor-element-populated\">\n\t\t\t\t\t\t\t\t<div class=\"elementor-element elementor-element-f88714a elementor-widget elementor-widget-text-editor\" data-id=\"f88714a\" data-element_type=\"widget\" data-widget_type=\"text-editor.default\">\n\t\t\t\t<div class=\"elementor-widget-container\">\n\t\t\t<style>\/*! elementor - v3.15.0 - 20-08-2023 *\/\n.elementor-widget-text-editor.elementor-drop-cap-view-stacked .elementor-drop-cap{background-color:#69727d;color:#fff}.elementor-widget-text-editor.elementor-drop-cap-view-framed .elementor-drop-cap{color:#69727d;border:3px solid;background-color:transparent}.elementor-widget-text-editor:not(.elementor-drop-cap-view-default) .elementor-drop-cap{margin-top:8px}.elementor-widget-text-editor:not(.elementor-drop-cap-view-default) .elementor-drop-cap-letter{width:1em;height:1em}.elementor-widget-text-editor .elementor-drop-cap{float:left;text-align:center;line-height:1;font-size:50px}.elementor-widget-text-editor .elementor-drop-cap-letter{display:inline-block}<\/style>\t\t\t\t<p>30 Years of Lighting Experience<\/p><p>Biz, Licht f\u00fcr Alle GmbH, y\u0131llard\u0131r ayd\u0131nlatma d\u00fcnyas\u0131nda \u00f6nc\u00fc bir rol oynuyoruz. Firmam\u0131z kuruldu\u011fu g\u00fcnden bu yana kaliteli ve zarif ayd\u0131nlatma \u00fcr\u00fcnleri \u00fcretme konusundaki taahh\u00fcd\u00fcm\u00fcz\u00fc s\u00fcrd\u00fcrmektedir. Ge\u00e7mi\u015fte ve gelecekte, tasar\u0131m, m\u00fckemmel i\u015f\u00e7ilik ve yenilik\u00e7ilik ilkelerimizi bir araya getirerek her bir \u00fcr\u00fcn\u00fcm\u00fczde benzersiz ve etkileyici bir atmosfer yaratmay\u0131 ama\u00e7l\u0131yoruz.<\/p><p>Where Design and Innovation Meet<\/p><p>Design and innovation are a top priority for us as a company. We keep up with the rapidly changing dynamics of the lighting world and inspire our customers with new designs that align with the latest technology each season. Each of our products is meticulously designed and manufactured with special attention to combining functionality, aesthetics, and durability.<\/p><p>Modern Production Approach<\/p><p>Tam otomatik CNC makinelerimiz ile, \u00fcretim hatt\u0131m\u0131zdan \u00e7\u0131kan her bir \u00fcr\u00fcn\u00fc s\u0131f\u0131r hata ve kusursuz i\u015f\u00e7ilikle m\u00fc\u015fterilerimize sunmaya devam ediyoruz.<\/p><p>Customer Satisfaction is Our Priority<\/p><p>We are known as a company that focuses on the needs and expectations of our customers. We make efforts to provide custom solutions for each of our customers and bring their envisioned lighting products to life. Customer satisfaction is our greatest achievement.<\/p><p>Domestic and International Services<\/p><p>We serve a broad customer base both domestically and internationally. Alongside our commitment to the domestic market, we have a vast distribution network to meet lighting needs worldwide. We continuously strive to provide the best service to our customers<\/p><p>At Imaj Lighting, led by Fethi \u015eahbaz with over 30 years of experience as a family, we continue to uphold our claims of quality, reliability, and elegance. We work with the goal of reaching new heights every day and shedding light on the future of the lighting world.<\/p><p>Get in touch with us and discover your lighting needs.<\/p>\t\t\t\t\t\t<\/div>\n\t\t\t\t<\/div>\n\t\t\t\t\t<\/div>\n\t\t<\/div>\n\t\t\t\t\t\t\t<\/div>\n\t\t<\/section>\n\t\t\t\t<section class=\"elementor-section elementor-top-section elementor-element elementor-element-ba280cb elementor-section-stretched elementor-section-full_width elementor-section-height-default elementor-section-height-default\" data-id=\"ba280cb\" data-element_type=\"section\" data-settings=\"{&quot;stretch_section&quot;:&quot;section-stretched&quot;}\">\n\t\t\t\t\t\t<div class=\"elementor-container elementor-column-gap-no\">\n\t\t\t\t\t<div class=\"elementor-column elementor-col-33 elementor-top-column elementor-element elementor-element-f11ae5e\" data-id=\"f11ae5e\" data-element_type=\"column\" data-settings=\"{&quot;background_background&quot;:&quot;classic&quot;}\">\n\t\t\t<div class=\"elementor-widget-wrap elementor-element-populated\">\n\t\t\t\t\t\t\t\t<div class=\"elementor-element elementor-element-4f3b5b2 elementor-position-top elementor-widget elementor-widget-image-box\" data-id=\"4f3b5b2\" data-element_type=\"widget\" data-widget_type=\"image-box.default\">\n\t\t\t\t<div class=\"elementor-widget-container\">\n\t\t\t<style>\/*! elementor - v3.15.0 - 20-08-2023 *\/\n.elementor-widget-image-box .elementor-image-box-content{width:100%}@media (min-width:768px){.elementor-widget-image-box.elementor-position-left .elementor-image-box-wrapper,.elementor-widget-image-box.elementor-position-right .elementor-image-box-wrapper{display:flex}.elementor-widget-image-box.elementor-position-right .elementor-image-box-wrapper{text-align:right;flex-direction:row-reverse}.elementor-widget-image-box.elementor-position-left .elementor-image-box-wrapper{text-align:left;flex-direction:row}.elementor-widget-image-box.elementor-position-top .elementor-image-box-img{margin:auto}.elementor-widget-image-box.elementor-vertical-align-top .elementor-image-box-wrapper{align-items:flex-start}.elementor-widget-image-box.elementor-vertical-align-middle .elementor-image-box-wrapper{align-items:center}.elementor-widget-image-box.elementor-vertical-align-bottom .elementor-image-box-wrapper{align-items:flex-end}}@media (max-width:767px){.elementor-widget-image-box .elementor-image-box-img{margin-left:auto!important;margin-right:auto!important;margin-bottom:15px}}.elementor-widget-image-box .elementor-image-box-img{display:inline-block}.elementor-widget-image-box .elementor-image-box-title a{color:inherit}.elementor-widget-image-box .elementor-image-box-wrapper{text-align:center}.elementor-widget-image-box .elementor-image-box-description{margin:0}<\/style><div class=\"elementor-image-box-wrapper\"><figure class=\"elementor-image-box-img\"><img decoding=\"async\" loading=\"lazy\" width=\"71\" height=\"71\" src=\"https:\/\/lichtfueralle.de\/wp-content\/uploads\/2018\/01\/service_1.png\" class=\"attachment-full size-full wp-image-706\" alt=\"\" \/><\/figure><div class=\"elementor-image-box-content\"><h3 class=\"elementor-image-box-title\">First-Class Craftsmanship<\/h3><\/div><\/div>\t\t<\/div>\n\t\t\t\t<\/div>\n\t\t\t\t\t<\/div>\n\t\t<\/div>\n\t\t\t\t<div class=\"elementor-column elementor-col-33 elementor-top-column elementor-element elementor-element-6167bbc\" data-id=\"6167bbc\" data-element_type=\"column\" data-settings=\"{&quot;background_background&quot;:&quot;classic&quot;}\">\n\t\t\t<div class=\"elementor-widget-wrap elementor-element-populated\">\n\t\t\t\t\t\t\t\t<div class=\"elementor-element elementor-element-241c745 elementor-position-top elementor-widget elementor-widget-image-box\" data-id=\"241c745\" data-element_type=\"widget\" data-widget_type=\"image-box.default\">\n\t\t\t\t<div class=\"elementor-widget-container\">\n\t\t\t<div class=\"elementor-image-box-wrapper\"><figure class=\"elementor-image-box-img\"><img decoding=\"async\" loading=\"lazy\" width=\"71\" height=\"71\" src=\"https:\/\/lichtfueralle.de\/wp-content\/uploads\/2018\/01\/service_2.png\" class=\"attachment-full size-full wp-image-707\" alt=\"\" \/><\/figure><div class=\"elementor-image-box-content\"><h3 class=\"elementor-image-box-title\">Support Services<\/h3><\/div><\/div>\t\t<\/div>\n\t\t\t\t<\/div>\n\t\t\t\t\t<\/div>\n\t\t<\/div>\n\t\t\t\t<div class=\"elementor-column elementor-col-33 elementor-top-column elementor-element elementor-element-ba21e87\" data-id=\"ba21e87\" data-element_type=\"column\" data-settings=\"{&quot;background_background&quot;:&quot;classic&quot;}\">\n\t\t\t<div class=\"elementor-widget-wrap elementor-element-populated\">\n\t\t\t\t\t\t\t\t<div class=\"elementor-element elementor-element-e962303 elementor-position-top elementor-widget elementor-widget-image-box\" data-id=\"e962303\" data-element_type=\"widget\" data-widget_type=\"image-box.default\">\n\t\t\t\t<div class=\"elementor-widget-container\">\n\t\t\t<div class=\"elementor-image-box-wrapper\"><figure class=\"elementor-image-box-img\"><img decoding=\"async\" loading=\"lazy\" width=\"71\" height=\"71\" src=\"https:\/\/lichtfueralle.de\/wp-content\/uploads\/2018\/01\/service_3.png\" class=\"attachment-full size-full wp-image-708\" alt=\"\" \/><\/figure><div class=\"elementor-image-box-content\"><h3 class=\"elementor-image-box-title\">Unique Designs<\/h3><\/div><\/div>\t\t<\/div>\n\t\t\t\t<\/div>\n\t\t\t\t\t<\/div>\n\t\t<\/div>\n\t\t\t\t\t\t\t<\/div>\n\t\t<\/section>\n\t\t\t\t\t\t\t<\/div>","protected":false},"excerpt":{"rendered":"<p>30 Y\u0131ll\u0131k Ayd\u0131nlatma Deneyimi Biz, Licht f\u00fcr Alle GmbH, y\u0131llard\u0131r ayd\u0131nlatma d\u00fcnyas\u0131nda \u00f6nc\u00fc bir rol oynuyoruz. Firmam\u0131z kuruldu\u011fu g\u00fcnden bu yana kaliteli ve zarif ayd\u0131nlatma&#8230;<\/p>","protected":false},"author":1,"featured_media":0,"parent":0,"menu_order":0,"comment_status":"closed","ping_status":"closed","template":"","meta":{"footnotes":""},"_links":{"self":[{"href":"https:\/\/lichtfueralle.de\/tr\/wp-json\/wp\/v2\/pages\/337"}],"collection":[{"href":"https:\/\/lichtfueralle.de\/tr\/wp-json\/wp\/v2\/pages"}],"about":[{"href":"https:\/\/lichtfueralle.de\/tr\/wp-json\/wp\/v2\/types\/page"}],"author":[{"embeddable":true,"href":"https:\/\/lichtfueralle.de\/tr\/wp-json\/wp\/v2\/users\/1"}],"replies":[{"embeddable":true,"href":"https:\/\/lichtfueralle.de\/tr\/wp-json\/wp\/v2\/comments?post=337"}],"version-history":[{"count":28,"href":"https:\/\/lichtfueralle.de\/tr\/wp-json\/wp\/v2\/pages\/337\/revisions"}],"predecessor-version":[{"id":9339,"href":"https:\/\/lichtfueralle.de\/tr\/wp-json\/wp\/v2\/pages\/337\/revisions\/9339"}],"wp:attachment":[{"href":"https:\/\/lichtfueralle.de\/tr\/wp-json\/wp\/v2\/media?parent=337"}],"curies":[{"name":"wp","href":"https:\/\/api.w.org\/{rel}","templated":true}]}}