{"id":8178,"date":"2023-09-23T11:35:10","date_gmt":"2023-09-23T08:35:10","guid":{"rendered":"https:\/\/imajaydinlatma.com\/?post_type=product&#038;p=8178"},"modified":"2024-06-27T20:01:27","modified_gmt":"2024-06-27T17:01:27","slug":"ip-707","status":"publish","type":"product","link":"https:\/\/lichtfueralle.de\/tr\/product\/ip-707\/","title":{"rendered":"IP-707"},"content":{"rendered":"","protected":false},"excerpt":{"rendered":"<p>\u00dcr\u00fcn \u00d6l\u00e7\u00fcleri: 70&#215;30 cm <br \/>\nCable Length :65 cm  <br \/>\nAmp\u00fcl:3xE27<\/p>","protected":false},"featured_media":9219,"template":"","meta":[],"etheme_brands":[{"term_id":101,"name":"\u0130maj Ayd\u0131nlatma","slug":"imaj-aydinlatma","term_group":0,"term_taxonomy_id":101,"taxonomy":"brand","description":"","parent":0,"count":75,"filter":"raw"}],"product_cat":[66],"product_tag":[74,72,73,71],"_links":{"self":[{"href":"https:\/\/lichtfueralle.de\/tr\/wp-json\/wp\/v2\/product\/8178"}],"collection":[{"href":"https:\/\/lichtfueralle.de\/tr\/wp-json\/wp\/v2\/product"}],"about":[{"href":"https:\/\/lichtfueralle.de\/tr\/wp-json\/wp\/v2\/types\/product"}],"version-history":[{"count":1,"href":"https:\/\/lichtfueralle.de\/tr\/wp-json\/wp\/v2\/product\/8178\/revisions"}],"predecessor-version":[{"id":8181,"href":"https:\/\/lichtfueralle.de\/tr\/wp-json\/wp\/v2\/product\/8178\/revisions\/8181"}],"wp:featuredmedia":[{"embeddable":true,"href":"https:\/\/lichtfueralle.de\/tr\/wp-json\/wp\/v2\/media\/9219"}],"wp:attachment":[{"href":"https:\/\/lichtfueralle.de\/tr\/wp-json\/wp\/v2\/media?parent=8178"}],"wp:term":[{"taxonomy":"brand","embeddable":true,"href":"https:\/\/lichtfueralle.de\/tr\/wp-json\/wp\/v2\/etheme_brands?post=8178"},{"taxonomy":"product_cat","embeddable":true,"href":"https:\/\/lichtfueralle.de\/tr\/wp-json\/wp\/v2\/product_cat?post=8178"},{"taxonomy":"product_tag","embeddable":true,"href":"https:\/\/lichtfueralle.de\/tr\/wp-json\/wp\/v2\/product_tag?post=8178"}],"curies":[{"name":"wp","href":"https:\/\/api.w.org\/{rel}","templated":true}]}}