{"id":8323,"date":"2023-09-24T12:04:54","date_gmt":"2023-09-24T09:04:54","guid":{"rendered":"https:\/\/imajaydinlatma.com\/?post_type=product&#038;p=8323"},"modified":"2024-06-27T17:04:21","modified_gmt":"2024-06-27T14:04:21","slug":"te-507","status":"publish","type":"product","link":"https:\/\/lichtfueralle.de\/tr\/product\/te-507\/","title":{"rendered":"TE-507"},"content":{"rendered":"","protected":false},"excerpt":{"rendered":"<p>\u00dcr\u00fcn \u00d6l\u00e7\u00fcleri: 32&#215;30 cm <br \/>\nCable Length :65 cm  <br \/>\nAmp\u00fcl:1xE27<\/p>","protected":false},"featured_media":8944,"template":"","meta":[],"etheme_brands":[{"term_id":101,"name":"\u0130maj Ayd\u0131nlatma","slug":"imaj-aydinlatma","term_group":0,"term_taxonomy_id":101,"taxonomy":"brand","description":"","parent":0,"count":75,"filter":"raw"}],"product_cat":[15],"product_tag":[74,71,103],"_links":{"self":[{"href":"https:\/\/lichtfueralle.de\/tr\/wp-json\/wp\/v2\/product\/8323"}],"collection":[{"href":"https:\/\/lichtfueralle.de\/tr\/wp-json\/wp\/v2\/product"}],"about":[{"href":"https:\/\/lichtfueralle.de\/tr\/wp-json\/wp\/v2\/types\/product"}],"version-history":[{"count":1,"href":"https:\/\/lichtfueralle.de\/tr\/wp-json\/wp\/v2\/product\/8323\/revisions"}],"predecessor-version":[{"id":8326,"href":"https:\/\/lichtfueralle.de\/tr\/wp-json\/wp\/v2\/product\/8323\/revisions\/8326"}],"wp:featuredmedia":[{"embeddable":true,"href":"https:\/\/lichtfueralle.de\/tr\/wp-json\/wp\/v2\/media\/8944"}],"wp:attachment":[{"href":"https:\/\/lichtfueralle.de\/tr\/wp-json\/wp\/v2\/media?parent=8323"}],"wp:term":[{"taxonomy":"brand","embeddable":true,"href":"https:\/\/lichtfueralle.de\/tr\/wp-json\/wp\/v2\/etheme_brands?post=8323"},{"taxonomy":"product_cat","embeddable":true,"href":"https:\/\/lichtfueralle.de\/tr\/wp-json\/wp\/v2\/product_cat?post=8323"},{"taxonomy":"product_tag","embeddable":true,"href":"https:\/\/lichtfueralle.de\/tr\/wp-json\/wp\/v2\/product_tag?post=8323"}],"curies":[{"name":"wp","href":"https:\/\/api.w.org\/{rel}","templated":true}]}}