{"id":8337,"date":"2023-09-24T12:14:10","date_gmt":"2023-09-24T09:14:10","guid":{"rendered":"https:\/\/imajaydinlatma.com\/?post_type=product&#038;p=8337"},"modified":"2023-09-24T13:33:22","modified_gmt":"2023-09-24T10:33:22","slug":"te-511","status":"publish","type":"product","link":"https:\/\/lichtfueralle.de\/tr\/product\/te-511\/","title":{"rendered":"TE-511"},"content":{"rendered":"","protected":false},"excerpt":{"rendered":"<p>\u00dcr\u00fcn \u00d6l\u00e7\u00fcleri: 35&#215;100 cm <br \/>\nCable Length :65 cm  <br \/>\nAmp\u00fcl:3xE27<\/p>","protected":false},"featured_media":8092,"template":"","meta":[],"etheme_brands":[{"term_id":101,"name":"\u0130maj Ayd\u0131nlatma","slug":"imaj-aydinlatma","term_group":0,"term_taxonomy_id":101,"taxonomy":"brand","description":"","parent":0,"count":75,"filter":"raw"}],"product_cat":[15],"product_tag":[74,71,103],"_links":{"self":[{"href":"https:\/\/lichtfueralle.de\/tr\/wp-json\/wp\/v2\/product\/8337"}],"collection":[{"href":"https:\/\/lichtfueralle.de\/tr\/wp-json\/wp\/v2\/product"}],"about":[{"href":"https:\/\/lichtfueralle.de\/tr\/wp-json\/wp\/v2\/types\/product"}],"version-history":[{"count":2,"href":"https:\/\/lichtfueralle.de\/tr\/wp-json\/wp\/v2\/product\/8337\/revisions"}],"predecessor-version":[{"id":8412,"href":"https:\/\/lichtfueralle.de\/tr\/wp-json\/wp\/v2\/product\/8337\/revisions\/8412"}],"wp:featuredmedia":[{"embeddable":true,"href":"https:\/\/lichtfueralle.de\/tr\/wp-json\/wp\/v2\/media\/8092"}],"wp:attachment":[{"href":"https:\/\/lichtfueralle.de\/tr\/wp-json\/wp\/v2\/media?parent=8337"}],"wp:term":[{"taxonomy":"brand","embeddable":true,"href":"https:\/\/lichtfueralle.de\/tr\/wp-json\/wp\/v2\/etheme_brands?post=8337"},{"taxonomy":"product_cat","embeddable":true,"href":"https:\/\/lichtfueralle.de\/tr\/wp-json\/wp\/v2\/product_cat?post=8337"},{"taxonomy":"product_tag","embeddable":true,"href":"https:\/\/lichtfueralle.de\/tr\/wp-json\/wp\/v2\/product_tag?post=8337"}],"curies":[{"name":"wp","href":"https:\/\/api.w.org\/{rel}","templated":true}]}}