{"id":8754,"date":"2024-06-25T23:53:23","date_gmt":"2024-06-25T20:53:23","guid":{"rendered":"https:\/\/lichtfueralle.de\/?post_type=product&#038;p=8754"},"modified":"2024-06-26T00:02:05","modified_gmt":"2024-06-25T21:02:05","slug":"hr-198","status":"publish","type":"product","link":"https:\/\/lichtfueralle.de\/tr\/product\/hr-198\/","title":{"rendered":"HR-198"},"content":{"rendered":"","protected":false},"excerpt":{"rendered":"<p>\u00dcr\u00fcn \u00d6l\u00e7\u00fcleri: 50&#215;30 cm<br \/>\nCable Length :65 cm<br \/>\nAmp\u00fcl:1xE27<\/p>","protected":false},"featured_media":8758,"template":"","meta":[],"etheme_brands":[],"product_cat":[67],"product_tag":[74,72,73,71],"_links":{"self":[{"href":"https:\/\/lichtfueralle.de\/tr\/wp-json\/wp\/v2\/product\/8754"}],"collection":[{"href":"https:\/\/lichtfueralle.de\/tr\/wp-json\/wp\/v2\/product"}],"about":[{"href":"https:\/\/lichtfueralle.de\/tr\/wp-json\/wp\/v2\/types\/product"}],"version-history":[{"count":1,"href":"https:\/\/lichtfueralle.de\/tr\/wp-json\/wp\/v2\/product\/8754\/revisions"}],"predecessor-version":[{"id":8765,"href":"https:\/\/lichtfueralle.de\/tr\/wp-json\/wp\/v2\/product\/8754\/revisions\/8765"}],"wp:featuredmedia":[{"embeddable":true,"href":"https:\/\/lichtfueralle.de\/tr\/wp-json\/wp\/v2\/media\/8758"}],"wp:attachment":[{"href":"https:\/\/lichtfueralle.de\/tr\/wp-json\/wp\/v2\/media?parent=8754"}],"wp:term":[{"taxonomy":"brand","embeddable":true,"href":"https:\/\/lichtfueralle.de\/tr\/wp-json\/wp\/v2\/etheme_brands?post=8754"},{"taxonomy":"product_cat","embeddable":true,"href":"https:\/\/lichtfueralle.de\/tr\/wp-json\/wp\/v2\/product_cat?post=8754"},{"taxonomy":"product_tag","embeddable":true,"href":"https:\/\/lichtfueralle.de\/tr\/wp-json\/wp\/v2\/product_tag?post=8754"}],"curies":[{"name":"wp","href":"https:\/\/api.w.org\/{rel}","templated":true}]}}