{"id":8848,"date":"2024-06-26T00:28:53","date_gmt":"2024-06-25T21:28:53","guid":{"rendered":"https:\/\/lichtfueralle.de\/?post_type=product&#038;p=8848"},"modified":"2024-06-26T00:31:26","modified_gmt":"2024-06-25T21:31:26","slug":"hr-190","status":"publish","type":"product","link":"https:\/\/lichtfueralle.de\/tr\/product\/hr-190\/","title":{"rendered":"HR-190"},"content":{"rendered":"","protected":false},"excerpt":{"rendered":"<p>\u00dcr\u00fcn \u00d6l\u00e7\u00fcleri: 50&#215;30 cm<br \/>\nCable Length :65 cm<br \/>\nAmp\u00fcl:3xE27<\/p>","protected":false},"featured_media":8854,"template":"","meta":[],"etheme_brands":[],"product_cat":[67],"product_tag":[74,72,73,71],"_links":{"self":[{"href":"https:\/\/lichtfueralle.de\/tr\/wp-json\/wp\/v2\/product\/8848"}],"collection":[{"href":"https:\/\/lichtfueralle.de\/tr\/wp-json\/wp\/v2\/product"}],"about":[{"href":"https:\/\/lichtfueralle.de\/tr\/wp-json\/wp\/v2\/types\/product"}],"version-history":[{"count":1,"href":"https:\/\/lichtfueralle.de\/tr\/wp-json\/wp\/v2\/product\/8848\/revisions"}],"predecessor-version":[{"id":8855,"href":"https:\/\/lichtfueralle.de\/tr\/wp-json\/wp\/v2\/product\/8848\/revisions\/8855"}],"wp:featuredmedia":[{"embeddable":true,"href":"https:\/\/lichtfueralle.de\/tr\/wp-json\/wp\/v2\/media\/8854"}],"wp:attachment":[{"href":"https:\/\/lichtfueralle.de\/tr\/wp-json\/wp\/v2\/media?parent=8848"}],"wp:term":[{"taxonomy":"brand","embeddable":true,"href":"https:\/\/lichtfueralle.de\/tr\/wp-json\/wp\/v2\/etheme_brands?post=8848"},{"taxonomy":"product_cat","embeddable":true,"href":"https:\/\/lichtfueralle.de\/tr\/wp-json\/wp\/v2\/product_cat?post=8848"},{"taxonomy":"product_tag","embeddable":true,"href":"https:\/\/lichtfueralle.de\/tr\/wp-json\/wp\/v2\/product_tag?post=8848"}],"curies":[{"name":"wp","href":"https:\/\/api.w.org\/{rel}","templated":true}]}}